{"id":3533,"date":"2022-03-23T08:13:21","date_gmt":"2022-03-23T08:13:21","guid":{"rendered":"http:\/\/192.168.0.250\/konstruk\/?page_id=3533"},"modified":"2023-02-09T22:44:07","modified_gmt":"2023-02-09T22:44:07","slug":"portfolios","status":"publish","type":"page","link":"https:\/\/asociacionchaviu.com\/index.php\/portfolios\/","title":{"rendered":"Proyectos"},"content":{"rendered":"\t\t<div data-elementor-type=\"wp-page\" data-elementor-id=\"3533\" class=\"elementor elementor-3533\">\n\t\t\t\t\t\t<section class=\"elementor-section elementor-top-section elementor-element elementor-element-ef1f648 elementor-section-stretched elementor-section-boxed elementor-section-height-default elementor-section-height-default\" data-id=\"ef1f648\" data-element_type=\"section\" data-e-type=\"section\" data-settings=\"{&quot;stretch_section&quot;:&quot;section-stretched&quot;,&quot;background_background&quot;:&quot;classic&quot;}\">\n\t\t\t\t\t\t<div class=\"elementor-container elementor-column-gap-default\">\n\t\t\t\t\t<div class=\"elementor-column elementor-col-33 elementor-top-column elementor-element elementor-element-2482239 elementor-hidden-mobile\" data-id=\"2482239\" data-element_type=\"column\" data-e-type=\"column\">\n\t\t\t<div class=\"elementor-widget-wrap\">\n\t\t\t\t\t\t\t<\/div>\n\t\t<\/div>\n\t\t\t\t<div class=\"elementor-column elementor-col-33 elementor-top-column elementor-element elementor-element-e2f5ea5\" data-id=\"e2f5ea5\" data-element_type=\"column\" data-e-type=\"column\">\n\t\t\t<div class=\"elementor-widget-wrap elementor-element-populated\">\n\t\t\t\t\t\t<div class=\"elementor-element elementor-element-0182ef8 elementor-widget elementor-widget-rs-heading\" data-id=\"0182ef8\" data-element_type=\"widget\" data-e-type=\"widget\" data-widget_type=\"rs-heading.default\">\n\t\t\t\t<div class=\"elementor-widget-container\">\n\t\t\t\t\t\n        <div class=\"prelements-heading style4 animate- center\">\n\n\n\n        \t<div class=\"title-inner\">        \t\t      \t\t\n\t            <h1 class=\"title\"><span class=\"watermark\"><\/span>Proyectos Realizados<\/h1>\t\t\t\t\n\t\t\t\t\t        <\/div>\n\t                <\/div>\n        \t\t\t\t<\/div>\n\t\t\t\t<\/div>\n\t\t\t\t<div class=\"elementor-element elementor-element-10c53de elementor-widget elementor-widget-rs-breadcrumb\" data-id=\"10c53de\" data-element_type=\"widget\" data-e-type=\"widget\" data-widget_type=\"rs-breadcrumb.default\">\n\t\t\t\t<div class=\"elementor-widget-container\">\n\t\t\t\t\t                    <div class=\"breadcrumb-area style2\"> \n                <div class=\"breadcrumbs-inner\"> <span property=\"itemListElement\" typeof=\"ListItem\"><a property=\"item\" typeof=\"WebPage\" title=\"Ir a Asociacion Chaviu.\" href=\"https:\/\/asociacionchaviu.com\" class=\"home\" ><span property=\"name\">Asociacion Chaviu<\/span><\/a><meta property=\"position\" content=\"1\"><\/span> &gt; <span property=\"itemListElement\" typeof=\"ListItem\"><a property=\"item\" typeof=\"WebPage\" title=\"Ir a Blog.\" href=\"https:\/\/asociacionchaviu.com\/index.php\/blog\/\" class=\"post-root post post-post\" aria-current=\"page\"><span property=\"name\">Blog<\/span><\/a><meta property=\"position\" content=\"2\"><\/span><\/div>\n            <\/div> \n          \n    \t\t\t\t<\/div>\n\t\t\t\t<\/div>\n\t\t\t\t\t<\/div>\n\t\t<\/div>\n\t\t\t\t<div class=\"elementor-column elementor-col-33 elementor-top-column elementor-element elementor-element-2438026 elementor-hidden-mobile\" data-id=\"2438026\" data-element_type=\"column\" data-e-type=\"column\">\n\t\t\t<div class=\"elementor-widget-wrap\">\n\t\t\t\t\t\t\t<\/div>\n\t\t<\/div>\n\t\t\t\t\t<\/div>\n\t\t<\/section>\n\t\t\t\t<section class=\"elementor-section elementor-top-section elementor-element elementor-element-73434a42 elementor-section-stretched elementor-section-full_width elementor-section-height-default elementor-section-height-default\" data-id=\"73434a42\" data-element_type=\"section\" data-e-type=\"section\" data-settings=\"{&quot;stretch_section&quot;:&quot;section-stretched&quot;,&quot;background_background&quot;:&quot;classic&quot;}\">\n\t\t\t\t\t\t<div class=\"elementor-container elementor-column-gap-default\">\n\t\t\t\t\t<div class=\"elementor-column elementor-col-33 elementor-top-column elementor-element elementor-element-4d583e19\" data-id=\"4d583e19\" data-element_type=\"column\" data-e-type=\"column\">\n\t\t\t<div class=\"elementor-widget-wrap\">\n\t\t\t\t\t\t\t<\/div>\n\t\t<\/div>\n\t\t\t\t<div class=\"elementor-column elementor-col-33 elementor-top-column elementor-element elementor-element-45ab0e22\" data-id=\"45ab0e22\" data-element_type=\"column\" data-e-type=\"column\">\n\t\t\t<div class=\"elementor-widget-wrap elementor-element-populated\">\n\t\t\t\t\t\t<div class=\"elementor-element elementor-element-5f6719d3 elementor-widget elementor-widget-rs-heading\" data-id=\"5f6719d3\" data-element_type=\"widget\" data-e-type=\"widget\" data-widget_type=\"rs-heading.default\">\n\t\t\t\t<div class=\"elementor-widget-container\">\n\t\t\t\t\t\n        <div class=\"prelements-heading style9 animate- center\">\n\n\n\n        \t<div class=\"title-inner\">        \t\t      \t\t\n\t             <img decoding=\"async\" src=\"https:\/\/rstheme.com\/products\/wordpress\/konstruk\/wp-content\/uploads\/2022\/03\/shape_1.png\" alt=\"icon\"><span class=\"sub-text \">Proyectos<\/span><h2 class=\"title\"><span class=\"watermark\"><\/span>Proyectos realizados<\/h2>\t\t\t\t\n\t\t\t\t\t        <\/div>\n\t                <\/div>\n        \t\t\t\t<\/div>\n\t\t\t\t<\/div>\n\t\t\t\t<section class=\"elementor-section elementor-inner-section elementor-element elementor-element-d57924d elementor-section-boxed elementor-section-height-default elementor-section-height-default\" data-id=\"d57924d\" data-element_type=\"section\" data-e-type=\"section\">\n\t\t\t\t\t\t<div class=\"elementor-container elementor-column-gap-default\">\n\t\t\t\t\t<div class=\"elementor-column elementor-col-100 elementor-inner-column elementor-element elementor-element-68cb62d1\" data-id=\"68cb62d1\" data-element_type=\"column\" data-e-type=\"column\">\n\t\t\t<div class=\"elementor-widget-wrap elementor-element-populated\">\n\t\t\t\t\t\t<div class=\"elementor-element elementor-element-121c8978 elementor-widget elementor-widget-rsblog-slider\" data-id=\"121c8978\" data-element_type=\"widget\" data-e-type=\"widget\" data-widget_type=\"rsblog-slider.default\">\n\t\t\t\t<div class=\"elementor-widget-container\">\n\t\t\t\t\t            <div class=\"rsaddon-unique-slider rs-blog-grid blog-grid no \">\r\n                <div id=\"rsaddon-slick-slider-22780\" class=\"rs-addon-slider\" >\r\n                                            \r\n                        <div class=\"blog-item blog_style_4 hover-btn-no\">\r\n                            <div class=\"blog-inner-wrap \">\r\n                                <div class=\"image-wrap\">\r\n                                                                            <a class=\"pointer-events\" href=\"https:\/\/asociacionchaviu.com\/index.php\/2018\/11\/19\/we-really-appreciate-content-about-the-construction\/\">\r\n                                            <img fetchpriority=\"high\" decoding=\"async\" width=\"2560\" height=\"1707\" src=\"https:\/\/asociacionchaviu.com\/wp-content\/uploads\/2023\/01\/IMG_0374-scaled.jpg\" class=\"attachment-full size-full wp-post-image\" alt=\"\" srcset=\"https:\/\/asociacionchaviu.com\/wp-content\/uploads\/2023\/01\/IMG_0374-scaled.jpg 2560w, https:\/\/asociacionchaviu.com\/wp-content\/uploads\/2023\/01\/IMG_0374-300x200.jpg 300w, https:\/\/asociacionchaviu.com\/wp-content\/uploads\/2023\/01\/IMG_0374-1024x683.jpg 1024w, https:\/\/asociacionchaviu.com\/wp-content\/uploads\/2023\/01\/IMG_0374-768x512.jpg 768w, https:\/\/asociacionchaviu.com\/wp-content\/uploads\/2023\/01\/IMG_0374-1536x1024.jpg 1536w, https:\/\/asociacionchaviu.com\/wp-content\/uploads\/2023\/01\/IMG_0374-2048x1365.jpg 2048w, https:\/\/asociacionchaviu.com\/wp-content\/uploads\/2023\/01\/IMG_0374-600x400.jpg 600w\" sizes=\"(max-width: 2560px) 100vw, 2560px\" \/>                                        <\/a> \r\n                                    \r\n                                    \r\n                                    \r\n                                    \r\n                                                                                    <div class=\"date\">\r\n                                                                                        <i class=\"fi fi-rr-time-add\" aria-hidden=\"true\"><\/i>\r\n                                            19 Nov 2018                                        <\/div>\r\n                                        \r\n                                                                    <\/div>\r\n\r\n                                                                   <div class=\"blog-content btm-rs blog-style4\">\r\n\r\n                                    \r\n                                        <div class=\"blog-footer d-flex align-items-center justify-content-between\">\r\n                                                                                                                                                                                                                                                                                                                                                                                                                                                                                                                                                                                                                                                                                                                                                                                                                                                                                                                                                                                                                                                                                                                                                                                                                                                                                                                                                                                                                                                                     \r\n                                                                                            <ul class=\"blog-meta sep-no\">\r\n\r\n                                                                                                        <li class=\"date\">\r\n                                                                                                                <i class=\"fa fa-calendar-check-o\" aria-hidden=\"true\"><\/i>\r\n                                                                                                            19 Nov 2018<\/li>\r\n                                                    \r\n                                                     \r\n                                                    \r\n                                                                                                    <\/ul>\r\n                                                \r\n                                        <\/div>\r\n                                                                            \r\n                                        <h3 class=\"blog-name\"><a class=\"pointer-events\" href=\"https:\/\/asociacionchaviu.com\/index.php\/2018\/11\/19\/we-really-appreciate-content-about-the-construction\/\">\u201cLa mujer Nasa se empodera y ejerce sus derechos, econ\u00f3micos, pol\u00edticos, culturales y ambientales a trav\u00e9s del fortalecimiento de la seguridad alimentaria y la generaci\u00f3n de ingresos en torno al Agroecosistema \u201cTul-Huerta familiar\u201d.<\/a><\/h3>\r\n                                        \r\n                                                                                \r\n                                        \r\n                                                                                                                                    <div class=\"blog-btn-part btn_borer_no\">\r\n                                                                                                            <a class=\"blog-btn icon-after\" href=\"https:\/\/asociacionchaviu.com\/index.php\/2018\/11\/19\/we-really-appreciate-content-about-the-construction\/\">\r\n                                                            <span class=\"btn-txt\">leer mas<\/span>\r\n                                                                                                                    <\/a>\r\n                                                <\/div>\r\n                                             \r\n                                    <\/div> \r\n                                                            <\/div>\r\n                        <\/div>\r\n                                    <\/div>\r\n                <div class=\"rsaddon-slider-conf wpsisac-hide\" data-conf=\"{&quot;slidesToShow&quot;:&quot;2&quot;,&quot;autoplaySpeed&quot;:3000,&quot;interval&quot;:3000,&quot;slidesToScroll&quot;:2,&quot;slider_autoplay&quot;:&quot;false&quot;,&quot;pauseOnHover&quot;:&quot;false&quot;,&quot;sliderDots&quot;:&quot;false&quot;,&quot;sliderNav&quot;:&quot;false&quot;,&quot;infinite&quot;:&quot;false&quot;,&quot;centerMode&quot;:&quot;false&quot;,&quot;col_lg&quot;:&quot;2&quot;,&quot;col_md&quot;:&quot;2&quot;,&quot;col_sm&quot;:&quot;1&quot;,&quot;col_xs&quot;:1}\"><\/div>\r\n            <\/div>\r\n            <script type=\"text\/javascript\"> \r\n            jQuery(document).ready(function(){\r\n            jQuery( '.rs-addon-slider' ).each(function( index ) {        \r\n            var slider_id       = jQuery(this).attr('id'); \r\n            var slider_conf     = jQuery.parseJSON( jQuery(this).closest('.rsaddon-unique-slider').find('.rsaddon-slider-conf').attr('data-conf'));\r\n           \r\n            if( typeof(slider_id) != 'undefined' && slider_id != '' ) {\r\n            jQuery('#'+slider_id).not('.slick-initialized').slick({\r\n            slidesToShow    : parseInt(slider_conf.col_lg),\r\n            centerMode      : (slider_conf.centerMode)  == \"true\" ? true : false,\r\n            dots            : (slider_conf.sliderDots)  == \"true\" ? true : false,\r\n            arrows          : (slider_conf.sliderNav) == \"true\" ? true : false,\r\n            autoplay        : (slider_conf.slider_autoplay) == \"true\" ? true : false,\r\n            slidesToScroll  : parseInt(slider_conf.slidesToScroll),\r\n            centerPadding   : '15px',\r\n            autoplaySpeed   : parseInt(slider_conf.autoplaySpeed),\r\n            pauseOnHover    : (slider_conf.pauseOnHover) == \"true\" ? true : false,\r\n            loop : false,\r\n\r\n            responsive: [{\r\n                breakpoint: 1200,\r\n                settings: {\r\n                    slidesToShow: parseInt(slider_conf.col_md),\r\n                }\r\n            }, \r\n            {\r\n                breakpoint: 992,\r\n                settings: {\r\n                    slidesToShow: parseInt(slider_conf.col_sm),\r\n                }\r\n            }, \r\n            {\r\n                breakpoint: 768,\r\n                settings: {\r\n                    arrows: false,\r\n                    slidesToShow: parseInt(slider_conf.col_xs),\r\n                }\r\n            }, ]\r\n            });\r\n        }\r\n       \r\n        });\r\n    });\r\n    <\/script>\r\n        \t\t\t\t<\/div>\n\t\t\t\t<\/div>\n\t\t\t\t\t<\/div>\n\t\t<\/div>\n\t\t\t\t\t<\/div>\n\t\t<\/section>\n\t\t\t\t\t<\/div>\n\t\t<\/div>\n\t\t\t\t<div class=\"elementor-column elementor-col-33 elementor-top-column elementor-element elementor-element-16a595ec\" data-id=\"16a595ec\" data-element_type=\"column\" data-e-type=\"column\">\n\t\t\t<div class=\"elementor-widget-wrap\">\n\t\t\t\t\t\t\t<\/div>\n\t\t<\/div>\n\t\t\t\t\t<\/div>\n\t\t<\/section>\n\t\t\t\t<\/div>\n\t\t","protected":false},"excerpt":{"rendered":"<p>Proyectos Realizados prueba Asociacion Chaviu &gt; Blog Proyectos Proyectos realizados 19 Nov 2018 19 Nov 2018 \u201cLa mujer Nasa se empodera y ejerce sus derechos, econ\u00f3micos, pol\u00edticos, culturales y ambientales a trav\u00e9s del fortalecimiento de la seguridad alimentaria y la generaci\u00f3n de ingresos en torno al Agroecosistema \u201cTul-Huerta familiar\u201d. leer mas<\/p>\n","protected":false},"author":1,"featured_media":0,"parent":0,"menu_order":0,"comment_status":"closed","ping_status":"closed","template":"","meta":{"footnotes":""},"class_list":["post-3533","page","type-page","status-publish","hentry"],"_links":{"self":[{"href":"https:\/\/asociacionchaviu.com\/index.php\/wp-json\/wp\/v2\/pages\/3533","targetHints":{"allow":["GET"]}}],"collection":[{"href":"https:\/\/asociacionchaviu.com\/index.php\/wp-json\/wp\/v2\/pages"}],"about":[{"href":"https:\/\/asociacionchaviu.com\/index.php\/wp-json\/wp\/v2\/types\/page"}],"author":[{"embeddable":true,"href":"https:\/\/asociacionchaviu.com\/index.php\/wp-json\/wp\/v2\/users\/1"}],"replies":[{"embeddable":true,"href":"https:\/\/asociacionchaviu.com\/index.php\/wp-json\/wp\/v2\/comments?post=3533"}],"version-history":[{"count":20,"href":"https:\/\/asociacionchaviu.com\/index.php\/wp-json\/wp\/v2\/pages\/3533\/revisions"}],"predecessor-version":[{"id":14620,"href":"https:\/\/asociacionchaviu.com\/index.php\/wp-json\/wp\/v2\/pages\/3533\/revisions\/14620"}],"wp:attachment":[{"href":"https:\/\/asociacionchaviu.com\/index.php\/wp-json\/wp\/v2\/media?parent=3533"}],"curies":[{"name":"wp","href":"https:\/\/api.w.org\/{rel}","templated":true}]}}